{"id":3433,"date":"2024-10-19T08:42:41","date_gmt":"2024-10-19T06:42:41","guid":{"rendered":"https:\/\/www.gta.be\/fr\/?post_type=product&#038;p=3433"},"modified":"2025-09-14T14:27:26","modified_gmt":"2025-09-14T12:27:26","slug":"cricket","status":"publish","type":"product","link":"https:\/\/www.gta.be\/fr\/produit\/cricket\/","title":{"rendered":"Cricket du Jour-J &#038; son histoire"},"content":{"rendered":"","protected":false},"excerpt":{"rendered":"<p>Reproduction du \u00ab criquet \u00bb devenu l\u2019un des symboles du D-Day et livret informatif de Michel De Trez chez D-Day Publishing.<\/p>\n<p><em>Depuis la fin de la Seconde Guerre mondiale, de nombreuses histoires et l\u00e9gendes entourent l&rsquo;utilisation du criquet a\u00e9roport\u00e9.<br \/>\n<\/em><em>Ce feuillet illustr\u00e9 &lsquo;appuie sur des faits historiques, des entretiens avec des personnalit\u00e9s cl\u00e9s ayant contribu\u00e9 \u00e0 l&rsquo;introduction du cricket dans les unit\u00e9s a\u00e9roport\u00e9es, ainsi que sur des documents d&rsquo;\u00e9poque. Il vise \u00e0 relater la v\u00e9ritable histoire du c\u00e9l\u00e8bre cricket du D-Day.<\/em><\/p>\n<p>La Maison de la Randonn\u00e9e &#8211; GTA Belgique vous propose \u00e9galement ce cricket \u00e0 un prix sp\u00e9cial dans le cadre du \u00ab\u00a0Pack Chemin de la Libert\u00e9\u00a0\u00bb.<br \/>\n<a href=\"https:\/\/www.gta.be\/fr\/produit\/pack-chemin-de-la-liberte-2\/\">En savoir plus en cliquant ici.<\/a><\/p>\n","protected":false},"featured_media":3448,"template":"","meta":{"_seopress_robots_primary_cat":"none","_seopress_titles_title":"Acheter une reproduction du cricket (D-Day)","_seopress_titles_desc":"La reproduction du \u00ab criquet \u00bb devenu l\u2019un des symboles du D-Day et un livret qui vise \u00e0 relater son histoire.","_seopress_robots_index":""},"product_brand":[],"product_cat":[49],"product_tag":[],"class_list":{"0":"post-3433","1":"product","2":"type-product","3":"status-publish","4":"has-post-thumbnail","6":"product_cat-autres","8":"first","9":"instock","10":"shipping-taxable","11":"purchasable","12":"product-type-simple"},"_links":{"self":[{"href":"https:\/\/www.gta.be\/fr\/wp-json\/wp\/v2\/product\/3433","targetHints":{"allow":["GET"]}}],"collection":[{"href":"https:\/\/www.gta.be\/fr\/wp-json\/wp\/v2\/product"}],"about":[{"href":"https:\/\/www.gta.be\/fr\/wp-json\/wp\/v2\/types\/product"}],"wp:featuredmedia":[{"embeddable":true,"href":"https:\/\/www.gta.be\/fr\/wp-json\/wp\/v2\/media\/3448"}],"wp:attachment":[{"href":"https:\/\/www.gta.be\/fr\/wp-json\/wp\/v2\/media?parent=3433"}],"wp:term":[{"taxonomy":"product_brand","embeddable":true,"href":"https:\/\/www.gta.be\/fr\/wp-json\/wp\/v2\/product_brand?post=3433"},{"taxonomy":"product_cat","embeddable":true,"href":"https:\/\/www.gta.be\/fr\/wp-json\/wp\/v2\/product_cat?post=3433"},{"taxonomy":"product_tag","embeddable":true,"href":"https:\/\/www.gta.be\/fr\/wp-json\/wp\/v2\/product_tag?post=3433"}],"curies":[{"name":"wp","href":"https:\/\/api.w.org\/{rel}","templated":true}]}}