{"id":3437,"date":"2024-10-19T09:17:30","date_gmt":"2024-10-19T07:17:30","guid":{"rendered":"https:\/\/www.gta.be\/fr\/?post_type=product&#038;p=3437"},"modified":"2026-02-15T13:44:48","modified_gmt":"2026-02-15T12:44:48","slug":"pack-special-chemin-de-la-liberte","status":"publish","type":"product","link":"https:\/\/www.gta.be\/fr\/produit\/pack-special-chemin-de-la-liberte\/","title":{"rendered":"Pack Chemin de la Libert\u00e9"},"content":{"rendered":"","protected":false},"excerpt":{"rendered":"<p>La Maison de la Randonn\u00e9e &#8211; GTA Belgique vous propose ce pack sp\u00e9cial comprenant:<\/p>\n<p>1 x la carte IGN de l&rsquo;itin\u00e9raire Le Chemin de la Libert\u00e9 &#8211; The Freedom Trail<br \/>\n1 x le carnet de route de l&rsquo;itin\u00e9raire Le Chemin de la Libert\u00e9 &#8211; The Freedom Trail<br \/>\n1 x la magnet souvenir avec le logo de l&rsquo;itin\u00e9raire<br \/>\n1 x la reproduction du c\u00e9l\u00e8bre criquet<br \/>\n1 x le livret \u00ab\u00a0Le l\u00e9gendaire cricket du Jour-J\u00a0\u00bb (Michel De Trez chez D-Day Publishing)<\/p>\n","protected":false},"featured_media":3199,"template":"","meta":{"_seopress_robots_primary_cat":"none","_seopress_titles_title":"Acheter le pack Lib\u00e9ration 80e anniversaire","_seopress_titles_desc":"Dans ce pack: la carte de la randonn\u00e9e Chemin de la Libert\u00e9, une reproduction du c\u00e9l\u00e8bre criquet et un livret explicatif.","_seopress_robots_index":""},"product_brand":[],"product_cat":[49,47,48],"product_tag":[],"class_list":{"0":"post-3437","1":"product","2":"type-product","3":"status-publish","4":"has-post-thumbnail","6":"product_cat-autres","7":"product_cat-editions-gta","8":"product_cat-editions-partenaires","10":"first","11":"instock","12":"shipping-taxable","13":"purchasable","14":"product-type-simple"},"_links":{"self":[{"href":"https:\/\/www.gta.be\/fr\/wp-json\/wp\/v2\/product\/3437","targetHints":{"allow":["GET"]}}],"collection":[{"href":"https:\/\/www.gta.be\/fr\/wp-json\/wp\/v2\/product"}],"about":[{"href":"https:\/\/www.gta.be\/fr\/wp-json\/wp\/v2\/types\/product"}],"wp:featuredmedia":[{"embeddable":true,"href":"https:\/\/www.gta.be\/fr\/wp-json\/wp\/v2\/media\/3199"}],"wp:attachment":[{"href":"https:\/\/www.gta.be\/fr\/wp-json\/wp\/v2\/media?parent=3437"}],"wp:term":[{"taxonomy":"product_brand","embeddable":true,"href":"https:\/\/www.gta.be\/fr\/wp-json\/wp\/v2\/product_brand?post=3437"},{"taxonomy":"product_cat","embeddable":true,"href":"https:\/\/www.gta.be\/fr\/wp-json\/wp\/v2\/product_cat?post=3437"},{"taxonomy":"product_tag","embeddable":true,"href":"https:\/\/www.gta.be\/fr\/wp-json\/wp\/v2\/product_tag?post=3437"}],"curies":[{"name":"wp","href":"https:\/\/api.w.org\/{rel}","templated":true}]}}