{"id":3500,"date":"2024-12-02T17:26:44","date_gmt":"2024-12-02T16:26:44","guid":{"rendered":"https:\/\/www.gta.be\/fr\/?post_type=product&#038;p=3500"},"modified":"2025-09-14T14:22:47","modified_gmt":"2025-09-14T12:22:47","slug":"carte-de-rendeux-marcourt","status":"publish","type":"product","link":"https:\/\/www.gta.be\/fr\/produit\/carte-de-rendeux-marcourt\/","title":{"rendered":"Carte de Rendeux-Marcourt"},"content":{"rendered":"","protected":false},"excerpt":{"rendered":"<p>Carte IGN \u00e0 l&rsquo;\u00e9chelle 1:25 000 pour Rendeux-Marcourt proposant 18 promenades p\u00e9destres de 4 \u00e0 11,5 km.<\/p>\n","protected":false},"featured_media":3503,"template":"","meta":{"_seopress_robots_primary_cat":"none","_seopress_titles_title":"Acheter la carte de promenade Rendeux-Marcourt","_seopress_titles_desc":"Carte IGN \u00e0 l'\u00e9chelle 1:25 000 pour Rendeux-Marcourt proposant 18 promenades p\u00e9destres de 4 \u00e0 11,5 km.","_seopress_robots_index":""},"product_brand":[],"product_cat":[38,48],"product_tag":[],"class_list":{"0":"post-3500","1":"product","2":"type-product","3":"status-publish","4":"has-post-thumbnail","6":"product_cat-carte","7":"product_cat-editions-partenaires","9":"first","10":"instock","11":"shipping-taxable","12":"purchasable","13":"product-type-simple"},"_links":{"self":[{"href":"https:\/\/www.gta.be\/fr\/wp-json\/wp\/v2\/product\/3500","targetHints":{"allow":["GET"]}}],"collection":[{"href":"https:\/\/www.gta.be\/fr\/wp-json\/wp\/v2\/product"}],"about":[{"href":"https:\/\/www.gta.be\/fr\/wp-json\/wp\/v2\/types\/product"}],"wp:featuredmedia":[{"embeddable":true,"href":"https:\/\/www.gta.be\/fr\/wp-json\/wp\/v2\/media\/3503"}],"wp:attachment":[{"href":"https:\/\/www.gta.be\/fr\/wp-json\/wp\/v2\/media?parent=3500"}],"wp:term":[{"taxonomy":"product_brand","embeddable":true,"href":"https:\/\/www.gta.be\/fr\/wp-json\/wp\/v2\/product_brand?post=3500"},{"taxonomy":"product_cat","embeddable":true,"href":"https:\/\/www.gta.be\/fr\/wp-json\/wp\/v2\/product_cat?post=3500"},{"taxonomy":"product_tag","embeddable":true,"href":"https:\/\/www.gta.be\/fr\/wp-json\/wp\/v2\/product_tag?post=3500"}],"curies":[{"name":"wp","href":"https:\/\/api.w.org\/{rel}","templated":true}]}}