{"id":3505,"date":"2024-12-02T17:35:00","date_gmt":"2024-12-02T16:35:00","guid":{"rendered":"https:\/\/www.gta.be\/fr\/?post_type=product&#038;p=3505"},"modified":"2025-08-03T06:38:00","modified_gmt":"2025-08-03T04:38:00","slug":"carte-de-la-roche-en-ardenne","status":"publish","type":"product","link":"https:\/\/www.gta.be\/fr\/produit\/carte-de-la-roche-en-ardenne\/","title":{"rendered":"Carte de La Roche-en-Ardenne"},"content":{"rendered":"","protected":false},"excerpt":{"rendered":"<p>Carte de promenade IGN \u00e0 l&rsquo;\u00e9chelle 1:25 000 pour La Roche-en-Ardenne.<br \/>\nSur cette carte, retrouvez 12 itin\u00e9raires p\u00e9destres de 3 km \u00e0 11,9 km.<\/p>\n","protected":false},"featured_media":3508,"template":"","meta":{"_seopress_robots_primary_cat":"none","_seopress_titles_title":"Acheter la carte de promenade de La Roche-en-Ardenne","_seopress_titles_desc":"Carte de promenade IGN \u00e0 l'\u00e9chelle 1:25 000 pour La Roche-en-Ardenne. Sur cette carte, retrouvez 12 itin\u00e9raires p\u00e9destres de 3 km \u00e0 11,9 km.","_seopress_robots_index":""},"product_brand":[],"product_cat":[38,48],"product_tag":[],"class_list":{"0":"post-3505","1":"product","2":"type-product","3":"status-publish","4":"has-post-thumbnail","6":"product_cat-carte","7":"product_cat-editions-partenaires","9":"first","10":"outofstock","11":"shipping-taxable","12":"purchasable","13":"product-type-simple"},"_links":{"self":[{"href":"https:\/\/www.gta.be\/fr\/wp-json\/wp\/v2\/product\/3505","targetHints":{"allow":["GET"]}}],"collection":[{"href":"https:\/\/www.gta.be\/fr\/wp-json\/wp\/v2\/product"}],"about":[{"href":"https:\/\/www.gta.be\/fr\/wp-json\/wp\/v2\/types\/product"}],"wp:featuredmedia":[{"embeddable":true,"href":"https:\/\/www.gta.be\/fr\/wp-json\/wp\/v2\/media\/3508"}],"wp:attachment":[{"href":"https:\/\/www.gta.be\/fr\/wp-json\/wp\/v2\/media?parent=3505"}],"wp:term":[{"taxonomy":"product_brand","embeddable":true,"href":"https:\/\/www.gta.be\/fr\/wp-json\/wp\/v2\/product_brand?post=3505"},{"taxonomy":"product_cat","embeddable":true,"href":"https:\/\/www.gta.be\/fr\/wp-json\/wp\/v2\/product_cat?post=3505"},{"taxonomy":"product_tag","embeddable":true,"href":"https:\/\/www.gta.be\/fr\/wp-json\/wp\/v2\/product_tag?post=3505"}],"curies":[{"name":"wp","href":"https:\/\/api.w.org\/{rel}","templated":true}]}}