{"id":3515,"date":"2024-12-02T17:51:22","date_gmt":"2024-12-02T16:51:22","guid":{"rendered":"https:\/\/www.gta.be\/fr\/?post_type=product&#038;p=3515"},"modified":"2025-11-15T23:33:48","modified_gmt":"2025-11-15T22:33:48","slug":"carte-de-erezee-manhay","status":"publish","type":"product","link":"https:\/\/www.gta.be\/fr\/produit\/carte-de-erezee-manhay\/","title":{"rendered":"Carte de Erez\u00e9e-Manhay"},"content":{"rendered":"","protected":false},"excerpt":{"rendered":"<p>Carte de promenade IGN \u00e0 l&rsquo;\u00e9chelle 1:25 000 pour Erez\u00e9e-Manhay.<br \/>\nSur cette carte, retrouvez 30 itin\u00e9raires p\u00e9destres de 3 \u00e0 13 km.<\/p>\n<p>Edition 2020.<\/p>\n","protected":false},"featured_media":3518,"template":"","meta":{"_seopress_robots_primary_cat":"none","_seopress_titles_title":"Acheter la carte de promenade de Erez\u00e9e-Manhay","_seopress_titles_desc":"","_seopress_robots_index":""},"product_brand":[],"product_cat":[38,48],"product_tag":[],"class_list":{"0":"post-3515","1":"product","2":"type-product","3":"status-publish","4":"has-post-thumbnail","6":"product_cat-carte","7":"product_cat-editions-partenaires","9":"first","10":"outofstock","11":"shipping-taxable","12":"purchasable","13":"product-type-simple"},"_links":{"self":[{"href":"https:\/\/www.gta.be\/fr\/wp-json\/wp\/v2\/product\/3515","targetHints":{"allow":["GET"]}}],"collection":[{"href":"https:\/\/www.gta.be\/fr\/wp-json\/wp\/v2\/product"}],"about":[{"href":"https:\/\/www.gta.be\/fr\/wp-json\/wp\/v2\/types\/product"}],"wp:featuredmedia":[{"embeddable":true,"href":"https:\/\/www.gta.be\/fr\/wp-json\/wp\/v2\/media\/3518"}],"wp:attachment":[{"href":"https:\/\/www.gta.be\/fr\/wp-json\/wp\/v2\/media?parent=3515"}],"wp:term":[{"taxonomy":"product_brand","embeddable":true,"href":"https:\/\/www.gta.be\/fr\/wp-json\/wp\/v2\/product_brand?post=3515"},{"taxonomy":"product_cat","embeddable":true,"href":"https:\/\/www.gta.be\/fr\/wp-json\/wp\/v2\/product_cat?post=3515"},{"taxonomy":"product_tag","embeddable":true,"href":"https:\/\/www.gta.be\/fr\/wp-json\/wp\/v2\/product_tag?post=3515"}],"curies":[{"name":"wp","href":"https:\/\/api.w.org\/{rel}","templated":true}]}}