{"id":3538,"date":"2024-12-02T18:28:31","date_gmt":"2024-12-02T17:28:31","guid":{"rendered":"https:\/\/www.gta.be\/fr\/?post_type=product&#038;p=3538"},"modified":"2024-12-29T23:50:21","modified_gmt":"2024-12-29T22:50:21","slug":"carte-vtt-ourthe-superieure","status":"publish","type":"product","link":"https:\/\/www.gta.be\/fr\/produit\/carte-vtt-ourthe-superieure\/","title":{"rendered":"Carte VTT Ourthe sup\u00e9rieure"},"content":{"rendered":"","protected":false},"excerpt":{"rendered":"<p>Carte VTT de l&rsquo;Ourthe sup\u00e9rieure \u00e0 l&rsquo;\u00e9chelle 1:25 000.<br \/>\nSur cette carte, retrouvez 5 parcours de 15,4 km \u00e0 41,9 km.<\/p>\n","protected":false},"featured_media":3541,"template":"","meta":{"_seopress_robots_primary_cat":"","_seopress_titles_title":"Acheter la carte VTT Ourthe sup\u00e9rieure","_seopress_titles_desc":"Carte VTT Achouffe, B\u00e9rismenil, Bonnerue, Engreux, Filly, Maboge, Mormont, Nadrin, Ollomont, Samr\u00e9e, Vellereux, Wibrin.","_seopress_robots_index":""},"product_brand":[],"product_cat":[38,48],"product_tag":[],"class_list":{"0":"post-3538","1":"product","2":"type-product","3":"status-publish","4":"has-post-thumbnail","6":"product_cat-carte","7":"product_cat-editions-partenaires","9":"first","10":"outofstock","11":"shipping-taxable","12":"purchasable","13":"product-type-simple"},"_links":{"self":[{"href":"https:\/\/www.gta.be\/fr\/wp-json\/wp\/v2\/product\/3538","targetHints":{"allow":["GET"]}}],"collection":[{"href":"https:\/\/www.gta.be\/fr\/wp-json\/wp\/v2\/product"}],"about":[{"href":"https:\/\/www.gta.be\/fr\/wp-json\/wp\/v2\/types\/product"}],"wp:featuredmedia":[{"embeddable":true,"href":"https:\/\/www.gta.be\/fr\/wp-json\/wp\/v2\/media\/3541"}],"wp:attachment":[{"href":"https:\/\/www.gta.be\/fr\/wp-json\/wp\/v2\/media?parent=3538"}],"wp:term":[{"taxonomy":"product_brand","embeddable":true,"href":"https:\/\/www.gta.be\/fr\/wp-json\/wp\/v2\/product_brand?post=3538"},{"taxonomy":"product_cat","embeddable":true,"href":"https:\/\/www.gta.be\/fr\/wp-json\/wp\/v2\/product_cat?post=3538"},{"taxonomy":"product_tag","embeddable":true,"href":"https:\/\/www.gta.be\/fr\/wp-json\/wp\/v2\/product_tag?post=3538"}],"curies":[{"name":"wp","href":"https:\/\/api.w.org\/{rel}","templated":true}]}}