{"id":3609,"date":"2025-01-05T14:57:51","date_gmt":"2025-01-05T13:57:51","guid":{"rendered":"https:\/\/www.gta.be\/fr\/?post_type=product&#038;p=3609"},"modified":"2026-03-05T09:05:55","modified_gmt":"2026-03-05T08:05:55","slug":"carte-r3-luxembourg","status":"publish","type":"product","link":"https:\/\/www.gta.be\/fr\/produit\/carte-r3-luxembourg\/","title":{"rendered":"Carte R3 Luxembourg"},"content":{"rendered":"","protected":false},"excerpt":{"rendered":"<p>Carte topographique \u00ab Luxembourg R3 \u00bb \u00e0 l\u2019\u00e9chelle 1:20 000 pour la r\u00e9gion Moyenne S\u00fbre &#8211; Our<\/p>\n","protected":false},"featured_media":3612,"template":"","meta":{"_seopress_robots_primary_cat":"none","_seopress_titles_title":"Carte R3 Luxembourg","_seopress_titles_desc":"Carte topographique \u00ab Luxembourg R3 \u00bb \u00e0 l\u2019\u00e9chelle 1:20 000 pour la r\u00e9gion Moyenne S\u00fbre - Our","_seopress_robots_index":""},"product_brand":[],"product_cat":[48],"product_tag":[],"class_list":{"0":"post-3609","1":"product","2":"type-product","3":"status-publish","4":"has-post-thumbnail","6":"product_cat-editions-partenaires","8":"first","9":"outofstock","10":"shipping-taxable","11":"purchasable","12":"product-type-simple"},"_links":{"self":[{"href":"https:\/\/www.gta.be\/fr\/wp-json\/wp\/v2\/product\/3609","targetHints":{"allow":["GET"]}}],"collection":[{"href":"https:\/\/www.gta.be\/fr\/wp-json\/wp\/v2\/product"}],"about":[{"href":"https:\/\/www.gta.be\/fr\/wp-json\/wp\/v2\/types\/product"}],"wp:featuredmedia":[{"embeddable":true,"href":"https:\/\/www.gta.be\/fr\/wp-json\/wp\/v2\/media\/3612"}],"wp:attachment":[{"href":"https:\/\/www.gta.be\/fr\/wp-json\/wp\/v2\/media?parent=3609"}],"wp:term":[{"taxonomy":"product_brand","embeddable":true,"href":"https:\/\/www.gta.be\/fr\/wp-json\/wp\/v2\/product_brand?post=3609"},{"taxonomy":"product_cat","embeddable":true,"href":"https:\/\/www.gta.be\/fr\/wp-json\/wp\/v2\/product_cat?post=3609"},{"taxonomy":"product_tag","embeddable":true,"href":"https:\/\/www.gta.be\/fr\/wp-json\/wp\/v2\/product_tag?post=3609"}],"curies":[{"name":"wp","href":"https:\/\/api.w.org\/{rel}","templated":true}]}}