{"id":3641,"date":"2025-01-13T19:58:03","date_gmt":"2025-01-13T18:58:03","guid":{"rendered":"https:\/\/www.gta.be\/fr\/?post_type=product&#038;p=3641"},"modified":"2025-09-14T14:24:18","modified_gmt":"2025-09-14T12:24:18","slug":"carte-pays-de-famenne-a-velo","status":"publish","type":"product","link":"https:\/\/www.gta.be\/fr\/produit\/carte-pays-de-famenne-a-velo\/","title":{"rendered":"Carte Pays de Famenne \u00e0 v\u00e9lo"},"content":{"rendered":"","protected":false},"excerpt":{"rendered":"<p>\u00c9dition 2012.<\/p>\n","protected":false},"featured_media":3644,"template":"","meta":{"_seopress_robots_primary_cat":"none","_seopress_titles_title":"Acheter la carte le Pays de Famenne \u00e0 v\u00e9lo","_seopress_titles_desc":"Carte de la Famenne \u00e0 v\u00e9lo.","_seopress_robots_index":""},"product_brand":[],"product_cat":[15],"product_tag":[],"class_list":{"0":"post-3641","1":"product","2":"type-product","3":"status-publish","4":"has-post-thumbnail","6":"product_cat-non-classe","8":"first","9":"instock","10":"shipping-taxable","11":"purchasable","12":"product-type-simple"},"_links":{"self":[{"href":"https:\/\/www.gta.be\/fr\/wp-json\/wp\/v2\/product\/3641","targetHints":{"allow":["GET"]}}],"collection":[{"href":"https:\/\/www.gta.be\/fr\/wp-json\/wp\/v2\/product"}],"about":[{"href":"https:\/\/www.gta.be\/fr\/wp-json\/wp\/v2\/types\/product"}],"wp:featuredmedia":[{"embeddable":true,"href":"https:\/\/www.gta.be\/fr\/wp-json\/wp\/v2\/media\/3644"}],"wp:attachment":[{"href":"https:\/\/www.gta.be\/fr\/wp-json\/wp\/v2\/media?parent=3641"}],"wp:term":[{"taxonomy":"product_brand","embeddable":true,"href":"https:\/\/www.gta.be\/fr\/wp-json\/wp\/v2\/product_brand?post=3641"},{"taxonomy":"product_cat","embeddable":true,"href":"https:\/\/www.gta.be\/fr\/wp-json\/wp\/v2\/product_cat?post=3641"},{"taxonomy":"product_tag","embeddable":true,"href":"https:\/\/www.gta.be\/fr\/wp-json\/wp\/v2\/product_tag?post=3641"}],"curies":[{"name":"wp","href":"https:\/\/api.w.org\/{rel}","templated":true}]}}