{"id":3654,"date":"2025-01-21T18:21:01","date_gmt":"2025-01-21T17:21:01","guid":{"rendered":"https:\/\/www.gta.be\/fr\/?post_type=product&#038;p=3654"},"modified":"2025-10-27T11:50:05","modified_gmt":"2025-10-27T10:50:05","slug":"pack-de-leifel-a-lardenne-partie-au-luxembourg","status":"publish","type":"product","link":"https:\/\/www.gta.be\/fr\/produit\/pack-de-leifel-a-lardenne-partie-au-luxembourg\/","title":{"rendered":"Pack De l\u2019Eifel \u00e0 l\u2019Ardenne \u2013 Partie au Luxembourg"},"content":{"rendered":"","protected":false},"excerpt":{"rendered":"<p>Pack reprenant les cartes\/plans pour l\u2019itin\u00e9raire de randonn\u00e9e p\u00e9destre De l\u2019Eifel en Ardenne pour la partie au Grand-D\u00fbch\u00e9 de Luxembourg.<\/p>\n","protected":false},"featured_media":3667,"template":"","meta":{"_seopress_robots_primary_cat":"none","_seopress_titles_title":"Acheter les cartes de l'Eifel \u00e0 l'Ardenne pour la partie au Luxembourg","_seopress_titles_desc":"Pack reprenant les cartes\/plans pour l\u2019itin\u00e9raire de randonn\u00e9e p\u00e9destre De l\u2019Eifel en Ardenne pour la partie au Grand-D\u00fbch\u00e9 de Luxembourg.","_seopress_robots_index":""},"product_brand":[],"product_cat":[15],"product_tag":[],"class_list":{"0":"post-3654","1":"product","2":"type-product","3":"status-publish","4":"has-post-thumbnail","6":"product_cat-non-classe","8":"first","9":"outofstock","10":"shipping-taxable","11":"purchasable","12":"product-type-simple"},"_links":{"self":[{"href":"https:\/\/www.gta.be\/fr\/wp-json\/wp\/v2\/product\/3654","targetHints":{"allow":["GET"]}}],"collection":[{"href":"https:\/\/www.gta.be\/fr\/wp-json\/wp\/v2\/product"}],"about":[{"href":"https:\/\/www.gta.be\/fr\/wp-json\/wp\/v2\/types\/product"}],"wp:featuredmedia":[{"embeddable":true,"href":"https:\/\/www.gta.be\/fr\/wp-json\/wp\/v2\/media\/3667"}],"wp:attachment":[{"href":"https:\/\/www.gta.be\/fr\/wp-json\/wp\/v2\/media?parent=3654"}],"wp:term":[{"taxonomy":"product_brand","embeddable":true,"href":"https:\/\/www.gta.be\/fr\/wp-json\/wp\/v2\/product_brand?post=3654"},{"taxonomy":"product_cat","embeddable":true,"href":"https:\/\/www.gta.be\/fr\/wp-json\/wp\/v2\/product_cat?post=3654"},{"taxonomy":"product_tag","embeddable":true,"href":"https:\/\/www.gta.be\/fr\/wp-json\/wp\/v2\/product_tag?post=3654"}],"curies":[{"name":"wp","href":"https:\/\/api.w.org\/{rel}","templated":true}]}}