{"id":3658,"date":"2025-01-15T20:25:11","date_gmt":"2025-01-15T19:25:11","guid":{"rendered":"https:\/\/www.gta.be\/fr\/?post_type=product&#038;p=3658"},"modified":"2025-01-21T19:35:00","modified_gmt":"2025-01-21T18:35:00","slug":"pack-de-leifel-a-lardenne-partie-en-belgique","status":"publish","type":"product","link":"https:\/\/www.gta.be\/fr\/produit\/pack-de-leifel-a-lardenne-partie-en-belgique\/","title":{"rendered":"Pack De l&rsquo;Eifel \u00e0 l&rsquo;Ardenne &#8211; Partie en Belgique"},"content":{"rendered":"","protected":false},"excerpt":{"rendered":"<p>Pack reprenant les cartes concern\u00e9es par l&rsquo;itin\u00e9raire de randonn\u00e9e p\u00e9destre De l&rsquo;Eifel en Ardenne en Belgique: Bastogne, Sainte-Ode et Saint-Hubert.<\/p>\n","protected":false},"featured_media":3661,"template":"","meta":{"_seopress_robots_primary_cat":"none","_seopress_titles_title":"Acheter les cartes pour la partie belge De l'Eifel \u00e0 l'Ardenne","_seopress_titles_desc":"Lot de cartes pour la partie en Belgique de la randonn\u00e9e p\u00e9destre De l'Eifel \u00e0 l'Ardenne.","_seopress_robots_index":""},"product_brand":[],"product_cat":[48],"product_tag":[],"class_list":{"0":"post-3658","1":"product","2":"type-product","3":"status-publish","4":"has-post-thumbnail","6":"product_cat-editions-partenaires","8":"first","9":"instock","10":"shipping-taxable","11":"purchasable","12":"product-type-simple"},"_links":{"self":[{"href":"https:\/\/www.gta.be\/fr\/wp-json\/wp\/v2\/product\/3658","targetHints":{"allow":["GET"]}}],"collection":[{"href":"https:\/\/www.gta.be\/fr\/wp-json\/wp\/v2\/product"}],"about":[{"href":"https:\/\/www.gta.be\/fr\/wp-json\/wp\/v2\/types\/product"}],"wp:featuredmedia":[{"embeddable":true,"href":"https:\/\/www.gta.be\/fr\/wp-json\/wp\/v2\/media\/3661"}],"wp:attachment":[{"href":"https:\/\/www.gta.be\/fr\/wp-json\/wp\/v2\/media?parent=3658"}],"wp:term":[{"taxonomy":"product_brand","embeddable":true,"href":"https:\/\/www.gta.be\/fr\/wp-json\/wp\/v2\/product_brand?post=3658"},{"taxonomy":"product_cat","embeddable":true,"href":"https:\/\/www.gta.be\/fr\/wp-json\/wp\/v2\/product_cat?post=3658"},{"taxonomy":"product_tag","embeddable":true,"href":"https:\/\/www.gta.be\/fr\/wp-json\/wp\/v2\/product_tag?post=3658"}],"curies":[{"name":"wp","href":"https:\/\/api.w.org\/{rel}","templated":true}]}}