{"id":3908,"date":"2025-07-22T19:08:38","date_gmt":"2025-07-22T17:08:38","guid":{"rendered":"https:\/\/www.gta.be\/fr\/?post_type=product&#038;p=3908"},"modified":"2025-09-14T14:16:13","modified_gmt":"2025-09-14T12:16:13","slug":"carte-barvaux-bomal-durbuy-grandhan-villers-ste-gertrude-weris","status":"publish","type":"product","link":"https:\/\/www.gta.be\/fr\/produit\/carte-barvaux-bomal-durbuy-grandhan-villers-ste-gertrude-weris\/","title":{"rendered":"Carte Barvaux, Bomal, Durbuy, Grandhan, Villers-Ste-Gertrude, W\u00e9ris"},"content":{"rendered":"","protected":false},"excerpt":{"rendered":"<p>Carte IGN reprenant 31 itin\u00e9raires p\u00e9destres de 4,2 km \u00e0 13 km.<\/p>\n","protected":false},"featured_media":3911,"template":"","meta":{"_seopress_robots_primary_cat":"none","_seopress_titles_title":"Carte Barvaux, Bomal, Durbuy, Grandhan, Villers-Ste-Gertrude, W\u00e9ris","_seopress_titles_desc":"Carte reprenant des itin\u00e9raires p\u00e9destres pour Carte Barvaux, Bomal, Durbuy, Grandhan, Villers-Ste-Gertrude, W\u00e9ris.","_seopress_robots_index":""},"product_brand":[],"product_cat":[38,48],"product_tag":[],"class_list":{"0":"post-3908","1":"product","2":"type-product","3":"status-publish","4":"has-post-thumbnail","6":"product_cat-carte","7":"product_cat-editions-partenaires","9":"first","10":"instock","11":"shipping-taxable","12":"purchasable","13":"product-type-simple"},"_links":{"self":[{"href":"https:\/\/www.gta.be\/fr\/wp-json\/wp\/v2\/product\/3908","targetHints":{"allow":["GET"]}}],"collection":[{"href":"https:\/\/www.gta.be\/fr\/wp-json\/wp\/v2\/product"}],"about":[{"href":"https:\/\/www.gta.be\/fr\/wp-json\/wp\/v2\/types\/product"}],"wp:featuredmedia":[{"embeddable":true,"href":"https:\/\/www.gta.be\/fr\/wp-json\/wp\/v2\/media\/3911"}],"wp:attachment":[{"href":"https:\/\/www.gta.be\/fr\/wp-json\/wp\/v2\/media?parent=3908"}],"wp:term":[{"taxonomy":"product_brand","embeddable":true,"href":"https:\/\/www.gta.be\/fr\/wp-json\/wp\/v2\/product_brand?post=3908"},{"taxonomy":"product_cat","embeddable":true,"href":"https:\/\/www.gta.be\/fr\/wp-json\/wp\/v2\/product_cat?post=3908"},{"taxonomy":"product_tag","embeddable":true,"href":"https:\/\/www.gta.be\/fr\/wp-json\/wp\/v2\/product_tag?post=3908"}],"curies":[{"name":"wp","href":"https:\/\/api.w.org\/{rel}","templated":true}]}}