{"id":3914,"date":"2025-07-22T19:15:33","date_gmt":"2025-07-22T17:15:33","guid":{"rendered":"https:\/\/www.gta.be\/fr\/?post_type=product&#038;p=3914"},"modified":"2025-09-14T14:12:46","modified_gmt":"2025-09-14T12:12:46","slug":"carte-de-bertogne","status":"publish","type":"product","link":"https:\/\/www.gta.be\/fr\/produit\/carte-de-bertogne\/","title":{"rendered":"Carte de Bertogne"},"content":{"rendered":"","protected":false},"excerpt":{"rendered":"<p>Carte IGN pour Bertogne avec 15 itin\u00e9raires p\u00e9destres de 3,5 km \u00e0 26 km, ainsi que 3 propositions \u00e0 VTT.<\/p>\n","protected":false},"featured_media":3917,"template":"","meta":{"_seopress_robots_primary_cat":"none","_seopress_titles_title":"Acheter la carte de promenade de Bertogne","_seopress_titles_desc":"Carte IGN pour la commune de Bertogne.","_seopress_robots_index":""},"product_brand":[],"product_cat":[38,48],"product_tag":[],"class_list":{"0":"post-3914","1":"product","2":"type-product","3":"status-publish","4":"has-post-thumbnail","6":"product_cat-carte","7":"product_cat-editions-partenaires","9":"first","10":"instock","11":"shipping-taxable","12":"purchasable","13":"product-type-simple"},"_links":{"self":[{"href":"https:\/\/www.gta.be\/fr\/wp-json\/wp\/v2\/product\/3914","targetHints":{"allow":["GET"]}}],"collection":[{"href":"https:\/\/www.gta.be\/fr\/wp-json\/wp\/v2\/product"}],"about":[{"href":"https:\/\/www.gta.be\/fr\/wp-json\/wp\/v2\/types\/product"}],"wp:featuredmedia":[{"embeddable":true,"href":"https:\/\/www.gta.be\/fr\/wp-json\/wp\/v2\/media\/3917"}],"wp:attachment":[{"href":"https:\/\/www.gta.be\/fr\/wp-json\/wp\/v2\/media?parent=3914"}],"wp:term":[{"taxonomy":"product_brand","embeddable":true,"href":"https:\/\/www.gta.be\/fr\/wp-json\/wp\/v2\/product_brand?post=3914"},{"taxonomy":"product_cat","embeddable":true,"href":"https:\/\/www.gta.be\/fr\/wp-json\/wp\/v2\/product_cat?post=3914"},{"taxonomy":"product_tag","embeddable":true,"href":"https:\/\/www.gta.be\/fr\/wp-json\/wp\/v2\/product_tag?post=3914"}],"curies":[{"name":"wp","href":"https:\/\/api.w.org\/{rel}","templated":true}]}}