{"id":3919,"date":"2025-07-22T19:23:24","date_gmt":"2025-07-22T17:23:24","guid":{"rendered":"https:\/\/www.gta.be\/fr\/?post_type=product&#038;p=3919"},"modified":"2025-09-14T14:17:11","modified_gmt":"2025-09-14T12:17:11","slug":"carte-de-bievre","status":"publish","type":"product","link":"https:\/\/www.gta.be\/fr\/produit\/carte-de-bievre\/","title":{"rendered":"Carte de Bi\u00e8vre"},"content":{"rendered":"","protected":false},"excerpt":{"rendered":"<p>Carte IGN pr\u00e9sentant 23 itin\u00e9raires de 2 km \u00e0 15 km.<\/p>\n<p>Edition 2009.<\/p>\n","protected":false},"featured_media":3922,"template":"","meta":{"_seopress_robots_primary_cat":"none","_seopress_titles_title":"Acheter la carte de promenade de Bi\u00e8vre.","_seopress_titles_desc":"","_seopress_robots_index":""},"product_brand":[],"product_cat":[38],"product_tag":[],"class_list":{"0":"post-3919","1":"product","2":"type-product","3":"status-publish","4":"has-post-thumbnail","6":"product_cat-carte","8":"first","9":"instock","10":"shipping-taxable","11":"purchasable","12":"product-type-simple"},"_links":{"self":[{"href":"https:\/\/www.gta.be\/fr\/wp-json\/wp\/v2\/product\/3919","targetHints":{"allow":["GET"]}}],"collection":[{"href":"https:\/\/www.gta.be\/fr\/wp-json\/wp\/v2\/product"}],"about":[{"href":"https:\/\/www.gta.be\/fr\/wp-json\/wp\/v2\/types\/product"}],"wp:featuredmedia":[{"embeddable":true,"href":"https:\/\/www.gta.be\/fr\/wp-json\/wp\/v2\/media\/3922"}],"wp:attachment":[{"href":"https:\/\/www.gta.be\/fr\/wp-json\/wp\/v2\/media?parent=3919"}],"wp:term":[{"taxonomy":"product_brand","embeddable":true,"href":"https:\/\/www.gta.be\/fr\/wp-json\/wp\/v2\/product_brand?post=3919"},{"taxonomy":"product_cat","embeddable":true,"href":"https:\/\/www.gta.be\/fr\/wp-json\/wp\/v2\/product_cat?post=3919"},{"taxonomy":"product_tag","embeddable":true,"href":"https:\/\/www.gta.be\/fr\/wp-json\/wp\/v2\/product_tag?post=3919"}],"curies":[{"name":"wp","href":"https:\/\/api.w.org\/{rel}","templated":true}]}}