{"id":3933,"date":"2025-07-22T19:56:23","date_gmt":"2025-07-22T17:56:23","guid":{"rendered":"https:\/\/www.gta.be\/fr\/?post_type=product&#038;p=3933"},"modified":"2026-04-06T21:12:20","modified_gmt":"2026-04-06T19:12:20","slug":"carte-de-erezee-manhay-2","status":"publish","type":"product","link":"https:\/\/www.gta.be\/fr\/produit\/carte-de-erezee-manhay-2\/","title":{"rendered":"Carte de Erez\u00e9e-Manhay"},"content":{"rendered":"","protected":false},"excerpt":{"rendered":"<p>Carte de promenade IGN \u00e0 l&rsquo;\u00e9chelle 1:25 000 pour Erez\u00e9e-Manhay.<br \/>\nSur cette carte, retrouvez 30 itin\u00e9raires p\u00e9destres de 3 \u00e0 13 km.<\/p>\n<p>Edition 2011.<\/p>\n","protected":false},"featured_media":3936,"template":"","meta":{"_seopress_robots_primary_cat":"none","_seopress_titles_title":"Acheter la carte de promenade Erez\u00e9e Manhay","_seopress_titles_desc":"","_seopress_robots_index":""},"product_brand":[],"product_cat":[38,48],"product_tag":[],"class_list":{"0":"post-3933","1":"product","2":"type-product","3":"status-publish","4":"has-post-thumbnail","6":"product_cat-carte","7":"product_cat-editions-partenaires","9":"first","10":"outofstock","11":"sale","12":"shipping-taxable","13":"purchasable","14":"product-type-simple"},"_links":{"self":[{"href":"https:\/\/www.gta.be\/fr\/wp-json\/wp\/v2\/product\/3933","targetHints":{"allow":["GET"]}}],"collection":[{"href":"https:\/\/www.gta.be\/fr\/wp-json\/wp\/v2\/product"}],"about":[{"href":"https:\/\/www.gta.be\/fr\/wp-json\/wp\/v2\/types\/product"}],"wp:featuredmedia":[{"embeddable":true,"href":"https:\/\/www.gta.be\/fr\/wp-json\/wp\/v2\/media\/3936"}],"wp:attachment":[{"href":"https:\/\/www.gta.be\/fr\/wp-json\/wp\/v2\/media?parent=3933"}],"wp:term":[{"taxonomy":"product_brand","embeddable":true,"href":"https:\/\/www.gta.be\/fr\/wp-json\/wp\/v2\/product_brand?post=3933"},{"taxonomy":"product_cat","embeddable":true,"href":"https:\/\/www.gta.be\/fr\/wp-json\/wp\/v2\/product_cat?post=3933"},{"taxonomy":"product_tag","embeddable":true,"href":"https:\/\/www.gta.be\/fr\/wp-json\/wp\/v2\/product_tag?post=3933"}],"curies":[{"name":"wp","href":"https:\/\/api.w.org\/{rel}","templated":true}]}}