{"id":3985,"date":"2025-08-23T08:59:58","date_gmt":"2025-08-23T06:59:58","guid":{"rendered":"https:\/\/www.gta.be\/fr\/?post_type=product&#038;p=3985"},"modified":"2025-09-14T14:26:26","modified_gmt":"2025-09-14T12:26:26","slug":"carte-vtt-ourthe-superieure-2","status":"publish","type":"product","link":"https:\/\/www.gta.be\/fr\/produit\/carte-vtt-ourthe-superieure-2\/","title":{"rendered":"Carte VTT Ourthe sup\u00e9rieure"},"content":{"rendered":"<p>Achouffe, B\u00e9rismenil, Bonnerue, Engreux, Filly, Maboge, Mormont, Nadrin, Ollomont, Samr\u00e9e, Vellereux et Wibrin.<\/p>\n<p>5 itin\u00e9raires de 15,4 km \u00e0 41,9 km.<\/p>\n<p>Echelle 1:25 000.<\/p>\n","protected":false},"excerpt":{"rendered":"<p>Achouffe, B\u00e9rismenil, Bonnerue, Engreux, Filly, Maboge, Mormont, Nadrin, Ollomont, Samr\u00e9e, Vellereux et Wibrin. 5 itin\u00e9raires de 15,4 km \u00e0 41,9 km. Echelle 1:25 000.<\/p>\n","protected":false},"featured_media":3988,"template":"","meta":{"_seopress_robots_primary_cat":"none","_seopress_titles_title":"Carte VTT Ourthe sup\u00e9rieure","_seopress_titles_desc":"Achouffe, B\u00e9rismenil, Bonnerue, Engreux, Filly, Maboge, Mormont, Nadrin, Ollomont, Samr\u00e9e, Vellereux et Wibrin. 5 itin\u00e9raires de 15,4 km \u00e0 41,9 km.","_seopress_robots_index":""},"product_brand":[],"product_cat":[38,48],"product_tag":[],"class_list":{"0":"post-3985","1":"product","2":"type-product","3":"status-publish","4":"has-post-thumbnail","6":"product_cat-carte","7":"product_cat-editions-partenaires","9":"first","10":"instock","11":"shipping-taxable","12":"purchasable","13":"product-type-simple"},"_links":{"self":[{"href":"https:\/\/www.gta.be\/fr\/wp-json\/wp\/v2\/product\/3985","targetHints":{"allow":["GET"]}}],"collection":[{"href":"https:\/\/www.gta.be\/fr\/wp-json\/wp\/v2\/product"}],"about":[{"href":"https:\/\/www.gta.be\/fr\/wp-json\/wp\/v2\/types\/product"}],"wp:featuredmedia":[{"embeddable":true,"href":"https:\/\/www.gta.be\/fr\/wp-json\/wp\/v2\/media\/3988"}],"wp:attachment":[{"href":"https:\/\/www.gta.be\/fr\/wp-json\/wp\/v2\/media?parent=3985"}],"wp:term":[{"taxonomy":"product_brand","embeddable":true,"href":"https:\/\/www.gta.be\/fr\/wp-json\/wp\/v2\/product_brand?post=3985"},{"taxonomy":"product_cat","embeddable":true,"href":"https:\/\/www.gta.be\/fr\/wp-json\/wp\/v2\/product_cat?post=3985"},{"taxonomy":"product_tag","embeddable":true,"href":"https:\/\/www.gta.be\/fr\/wp-json\/wp\/v2\/product_tag?post=3985"}],"curies":[{"name":"wp","href":"https:\/\/api.w.org\/{rel}","templated":true}]}}