{"id":4000,"date":"2025-08-23T09:10:21","date_gmt":"2025-08-23T07:10:21","guid":{"rendered":"https:\/\/www.gta.be\/fr\/?post_type=product&#038;p=4000"},"modified":"2026-04-06T11:22:40","modified_gmt":"2026-04-06T09:22:40","slug":"carte-vtt-houffalize","status":"publish","type":"product","link":"https:\/\/www.gta.be\/fr\/produit\/carte-vtt-houffalize\/","title":{"rendered":"Carte VTT Houffalize"},"content":{"rendered":"","protected":false},"excerpt":{"rendered":"<p>6 parcours de 18 km \u00e0 36 km.<\/p>\n<p>Echelle 1:25 000.<\/p>\n","protected":false},"featured_media":4003,"template":"","meta":{"_seopress_robots_primary_cat":"none","_seopress_titles_title":"Carte VTT Houffalize 6 parcours de 18 km \u00e0 36 km","_seopress_titles_desc":"Carte de parcours VTT en vente aupr\u00e8s de la Maison de la Randonn\u00e9e - GTA Belgique.","_seopress_robots_index":""},"product_brand":[],"product_cat":[38,48],"product_tag":[],"class_list":{"0":"post-4000","1":"product","2":"type-product","3":"status-publish","4":"has-post-thumbnail","6":"product_cat-carte","7":"product_cat-editions-partenaires","9":"first","10":"instock","11":"shipping-taxable","12":"purchasable","13":"product-type-simple"},"_links":{"self":[{"href":"https:\/\/www.gta.be\/fr\/wp-json\/wp\/v2\/product\/4000","targetHints":{"allow":["GET"]}}],"collection":[{"href":"https:\/\/www.gta.be\/fr\/wp-json\/wp\/v2\/product"}],"about":[{"href":"https:\/\/www.gta.be\/fr\/wp-json\/wp\/v2\/types\/product"}],"wp:featuredmedia":[{"embeddable":true,"href":"https:\/\/www.gta.be\/fr\/wp-json\/wp\/v2\/media\/4003"}],"wp:attachment":[{"href":"https:\/\/www.gta.be\/fr\/wp-json\/wp\/v2\/media?parent=4000"}],"wp:term":[{"taxonomy":"product_brand","embeddable":true,"href":"https:\/\/www.gta.be\/fr\/wp-json\/wp\/v2\/product_brand?post=4000"},{"taxonomy":"product_cat","embeddable":true,"href":"https:\/\/www.gta.be\/fr\/wp-json\/wp\/v2\/product_cat?post=4000"},{"taxonomy":"product_tag","embeddable":true,"href":"https:\/\/www.gta.be\/fr\/wp-json\/wp\/v2\/product_tag?post=4000"}],"curies":[{"name":"wp","href":"https:\/\/api.w.org\/{rel}","templated":true}]}}