{"id":4029,"date":"2025-09-07T08:39:36","date_gmt":"2025-09-07T06:39:36","guid":{"rendered":"https:\/\/www.gta.be\/fr\/?post_type=product&#038;p=4029"},"modified":"2026-02-24T09:51:42","modified_gmt":"2026-02-24T08:51:42","slug":"carte-ign-la-bataille-des-ardennes","status":"publish","type":"product","link":"https:\/\/www.gta.be\/fr\/produit\/carte-ign-la-bataille-des-ardennes\/","title":{"rendered":"Carte IGN La Bataille des Ardennes"},"content":{"rendered":"","protected":false},"excerpt":{"rendered":"<p>Retrouvez sur cette carte \u00e0 l&rsquo;\u00e9chelle 1:200 000 :<\/p>\n<ul>\n<li>le plan g\u00e9n\u00e9ral de la bataille avec le Saillant, les avanc\u00e9es des diff\u00e9rentes forces arm\u00e9es, les lieux de m\u00e9moire, les mus\u00e9es et cimeti\u00e8res militaires. Des zooms d\u00e9taillent aussi certaines localit\u00e9s riches en patrimoine m\u00e9moriel.<\/li>\n<li>Un index permettant la localisation de pr\u00e8s de 500 lieux de m\u00e9moire \u00e0 travers l\u2019Ardenne belge et le Luxembourg.<\/li>\n<li>6 plans permettent \u00e9galement de suivre les mouvements de troupes.<\/li>\n<\/ul>\n<p>Vous y trouverez aussi des informations sur des circuits th\u00e9matiques et des renseignements sur les mus\u00e9es, les points d\u2019information, les marches du souvenir et les cimeti\u00e8res de guerre.<\/p>\n<p>&nbsp;<\/p>\n","protected":false},"featured_media":4032,"template":"","meta":{"_seopress_robots_primary_cat":"none","_seopress_titles_title":"Nouvelle carte IGN la Bataille des Ardennes","_seopress_titles_desc":"Plan g\u00e9n\u00e9ral de la bataille avec le Saillant, avanc\u00e9es des diff\u00e9rentes forces arm\u00e9es, lieux de m\u00e9moire, mus\u00e9es et cimeti\u00e8res militaires.","_seopress_robots_index":""},"product_brand":[],"product_cat":[38,48],"product_tag":[],"class_list":{"0":"post-4029","1":"product","2":"type-product","3":"status-publish","4":"has-post-thumbnail","6":"product_cat-carte","7":"product_cat-editions-partenaires","9":"first","10":"instock","11":"shipping-taxable","12":"purchasable","13":"product-type-simple"},"_links":{"self":[{"href":"https:\/\/www.gta.be\/fr\/wp-json\/wp\/v2\/product\/4029","targetHints":{"allow":["GET"]}}],"collection":[{"href":"https:\/\/www.gta.be\/fr\/wp-json\/wp\/v2\/product"}],"about":[{"href":"https:\/\/www.gta.be\/fr\/wp-json\/wp\/v2\/types\/product"}],"wp:featuredmedia":[{"embeddable":true,"href":"https:\/\/www.gta.be\/fr\/wp-json\/wp\/v2\/media\/4032"}],"wp:attachment":[{"href":"https:\/\/www.gta.be\/fr\/wp-json\/wp\/v2\/media?parent=4029"}],"wp:term":[{"taxonomy":"product_brand","embeddable":true,"href":"https:\/\/www.gta.be\/fr\/wp-json\/wp\/v2\/product_brand?post=4029"},{"taxonomy":"product_cat","embeddable":true,"href":"https:\/\/www.gta.be\/fr\/wp-json\/wp\/v2\/product_cat?post=4029"},{"taxonomy":"product_tag","embeddable":true,"href":"https:\/\/www.gta.be\/fr\/wp-json\/wp\/v2\/product_tag?post=4029"}],"curies":[{"name":"wp","href":"https:\/\/api.w.org\/{rel}","templated":true}]}}