{"id":1216,"date":"2023-09-24T14:25:46","date_gmt":"2023-09-24T14:25:46","guid":{"rendered":"https:\/\/wp.gta.be\/nl\/?page_id=1216"},"modified":"2023-11-04T14:58:05","modified_gmt":"2023-11-04T14:58:05","slug":"info-jacht","status":"publish","type":"page","link":"https:\/\/www.gta.be\/nl\/info-jacht\/","title":{"rendered":"Info Jacht"},"content":{"rendered":"\n<style type=\"text\/css\" data-created_by=\"avia_inline_auto\" id=\"style-css-av-r1j8g-6098d396a882f352fdf051241c23f677\">\n.avia-section.av-r1j8g-6098d396a882f352fdf051241c23f677{\nbackground-repeat:no-repeat;\nbackground-image:url(https:\/\/www.gta.be\/nl\/wp-content\/uploads\/2023\/05\/ardenne-nordic-park-la-la-maison-de-la-randonnee-10-1030x686-1.jpg);\nbackground-position:50% 50%;\nbackground-attachment:fixed;\n}\n<\/style>\n<div id='av_section_1'  class='avia-section av-r1j8g-6098d396a882f352fdf051241c23f677 main_color avia-section-default avia-no-shadow  avia-builder-el-0  el_before_av_section  avia-builder-el-first  avia-full-stretch avia-bg-style-fixed av-minimum-height av-minimum-height-custom  container_wrap fullsize'  data-section-bg-repeat='stretch' data-av_minimum_height_px='250'><div class='container av-section-cont-open' style='height:250px'><main  role=\"main\" itemprop=\"mainContentOfPage\"  class='template-page content  av-content-full alpha units'><div class='post-entry post-entry-type-page post-entry-1216'><div class='entry-content-wrapper clearfix'>\n<\/div><\/div><\/main><!-- close content main element --><\/div><\/div>\n<style type=\"text\/css\" data-created_by=\"avia_inline_auto\" id=\"style-css-av-587cz4-74e9cadec8b715a7575ad9674d4b9a68\">\n.avia-section.av-587cz4-74e9cadec8b715a7575ad9674d4b9a68{\nbackground-repeat:no-repeat;\nbackground-image:url(https:\/\/www.gta.be\/nl\/wp-content\/uploads\/2015\/07\/ornament-bg-top-small-1.png);\nbackground-position:50% 0%;\nbackground-attachment:scroll;\n}\n<\/style>\n<div id='av_section_2'  class='avia-section av-587cz4-74e9cadec8b715a7575ad9674d4b9a68 main_color avia-section-huge avia-no-border-styling  avia-builder-el-1  el_after_av_section  avia-builder-el-last  avia-full-contain avia-bg-style-scroll container_wrap fullsize'  data-section-bg-repeat='contain'><div class='container av-section-cont-open' ><div class='template-page content  av-content-full alpha units'><div class='post-entry post-entry-type-page post-entry-1216'><div class='entry-content-wrapper clearfix'>\n\n<style type=\"text\/css\" data-created_by=\"avia_inline_auto\" id=\"style-css-av-4smvi8-b8f0af71799b11c0f04fb074c545f7ee\">\n#top .flex_column.av-4smvi8-b8f0af71799b11c0f04fb074c545f7ee{\nmargin-top:-200px;\nmargin-bottom:0px;\n}\n.flex_column.av-4smvi8-b8f0af71799b11c0f04fb074c545f7ee{\n-webkit-border-radius:0px 0px 0px 0px;\n-moz-border-radius:0px 0px 0px 0px;\nborder-radius:0px 0px 0px 0px;\npadding:30px 30px 30px 30px;\nbackground-color:#ffffff;\n}\n.responsive #top #wrap_all .flex_column.av-4smvi8-b8f0af71799b11c0f04fb074c545f7ee{\nmargin-top:-200px;\nmargin-bottom:0px;\n}\n<\/style>\n<div class='flex_column av-4smvi8-b8f0af71799b11c0f04fb074c545f7ee av_one_full  avia-builder-el-2  el_before_av_one_full  avia-builder-el-first  first flex_column_div '     ><style type=\"text\/css\" data-created_by=\"avia_inline_auto\" id=\"style-css-av-lmxk2qam-69628da2c27916a3498379bdbd956f43\">\n#top .av-special-heading.av-lmxk2qam-69628da2c27916a3498379bdbd956f43{\npadding-bottom:20px;\nfont-size:40px;\n}\nbody .av-special-heading.av-lmxk2qam-69628da2c27916a3498379bdbd956f43 .av-special-heading-tag .heading-char{\nfont-size:25px;\n}\n#top #wrap_all .av-special-heading.av-lmxk2qam-69628da2c27916a3498379bdbd956f43 .av-special-heading-tag{\nfont-size:40px;\n}\n.av-special-heading.av-lmxk2qam-69628da2c27916a3498379bdbd956f43 .av-subheading{\nfont-size:15px;\n}\n\n@media only screen and (min-width: 480px) and (max-width: 767px){ \n#top #wrap_all .av-special-heading.av-lmxk2qam-69628da2c27916a3498379bdbd956f43 .av-special-heading-tag{\nfont-size:0.8em;\n}\n}\n\n@media only screen and (max-width: 479px){ \n#top #wrap_all .av-special-heading.av-lmxk2qam-69628da2c27916a3498379bdbd956f43 .av-special-heading-tag{\nfont-size:0.8em;\n}\n}\n<\/style>\n<div  class='av-special-heading av-lmxk2qam-69628da2c27916a3498379bdbd956f43 av-special-heading-h1 blockquote modern-quote modern-centered  avia-builder-el-3  avia-builder-el-no-sibling  av-inherit-size'><h1 class='av-special-heading-tag'  itemprop=\"headline\"  >Wandelen tijdens het jachtseizoen<\/h1><div class=\"special-heading-border\"><div class=\"special-heading-inner-border\"><\/div><\/div><\/div><\/div><div class='flex_column av-217p74-52bf80435f2f272d66e597b3ba8b0fc5 av_one_full  avia-builder-el-4  el_after_av_one_full  el_before_av_button_big  avia-builder-el-last  first flex_column_div column-top-margin'     ><section  class='av_textblock_section av-lmxk3lrl-f62ee602e18dd71ee5fa5661b6231b9a'  itemscope=\"itemscope\" itemtype=\"https:\/\/schema.org\/CreativeWork\" ><div class='avia_textblock'  itemprop=\"text\" ><p>In Walloni\u00eb begint de drijfjacht op 1 oktober. Deze duurt tot 31 december en kan mogelijk\/waarschijnlijk in januari en februari worden verlengd.<br \/>\nDoor op <a href=\"https:\/\/portalarcgis.spw.wallonie.be\/portail\/apps\/webappviewer\/index.html?id=0460ad15c519483399a78622450b17a4\" target=\"_blank\" rel=\"noopener\">de site \u201cchasseonweb\u201d<\/a> te surfen, kunt u de jachtgebieden raadplegen waar jachtactiviteiten plaatsvinden. Wanneer een gebied gesloten is, dan geldt dit voor de gehele dag.<\/p>\n<p>Buiten deze periode kunnen er ook jachtacties plaatsvinden (zo met name tussen 21 en 30 september). Gedurende deze periode is het verboden zich in het betreffende gebied te bevinden vanaf 1 uur v\u00f3\u00f3r zonsopgang tot 2 uur erna, en vanaf 2 uur v\u00f3\u00f3r zonsondergang tot 1 uur erna.<\/p>\n<p>Voor meer informatie kunt u ook contact opnemen met het Departement Natuur en Bos en met de <a href=\"https:\/\/wp.gta.be\/nl\/infopagina-toerisme-trein-en-bus\/\">VVV-kantoren<\/a>.<\/p>\n<p>Belangrijk: <strong>het is een prioriteit om zich aan te passen aan de voorschriften op de offici\u00eble affiches die op het terrein zijn geplaatst.<\/strong><\/p>\n<\/div><\/section><\/div><div  class='avia-button-wrap avia-button-center  avia-builder-el-6  el_after_av_one_full  avia-builder-el-last '>\n<style type=\"text\/css\" data-created_by=\"avia_inline_auto\" id=\"style-css-av-lok65kh9-1f1204e5aaa7e75ba1a0599695449937\">\n#top #wrap_all .avia-button.av-lok65kh9-1f1204e5aaa7e75ba1a0599695449937:hover{\ncolor:white;\n-webkit-transition:all 0.4s ease-in-out;\n-moz-transition:all 0.4s ease-in-out;\n-ms-transition:all 0.4s ease-in-out;\n-o-transition:all 0.4s ease-in-out;\ntransition:all 0.4s ease-in-out;\n}\n<\/style>\n<a href='https:\/\/portalarcgis.spw.wallonie.be\/portail\/apps\/webappviewer\/index.html?id=0460ad15c519483399a78622450b17a4' class='avia-color-theme-color avia-font-color-theme-color avia-button avia-button-fullwidth av-lok65kh9-1f1204e5aaa7e75ba1a0599695449937 avia-icon_select-no avia-color-theme-color'  ><span class='avia_iconbox_title' >Naar Chasseonweb<\/span><span class='avia_button_background avia-button avia-button-fullwidth avia-color-theme-color-highlight'><\/span><\/a><\/div>\n\n","protected":false},"excerpt":{"rendered":"","protected":false},"author":1,"featured_media":0,"parent":0,"menu_order":0,"comment_status":"closed","ping_status":"closed","template":"","meta":{"_seopress_robots_primary_cat":"","_seopress_titles_title":"","_seopress_titles_desc":"","_seopress_robots_index":"","footnotes":""},"class_list":["post-1216","page","type-page","status-publish","hentry"],"_links":{"self":[{"href":"https:\/\/www.gta.be\/nl\/wp-json\/wp\/v2\/pages\/1216","targetHints":{"allow":["GET"]}}],"collection":[{"href":"https:\/\/www.gta.be\/nl\/wp-json\/wp\/v2\/pages"}],"about":[{"href":"https:\/\/www.gta.be\/nl\/wp-json\/wp\/v2\/types\/page"}],"author":[{"embeddable":true,"href":"https:\/\/www.gta.be\/nl\/wp-json\/wp\/v2\/users\/1"}],"replies":[{"embeddable":true,"href":"https:\/\/www.gta.be\/nl\/wp-json\/wp\/v2\/comments?post=1216"}],"version-history":[{"count":5,"href":"https:\/\/www.gta.be\/nl\/wp-json\/wp\/v2\/pages\/1216\/revisions"}],"predecessor-version":[{"id":1354,"href":"https:\/\/www.gta.be\/nl\/wp-json\/wp\/v2\/pages\/1216\/revisions\/1354"}],"wp:attachment":[{"href":"https:\/\/www.gta.be\/nl\/wp-json\/wp\/v2\/media?parent=1216"}],"curies":[{"name":"wp","href":"https:\/\/api.w.org\/{rel}","templated":true}]}}