{"id":1371,"date":"2023-11-04T16:01:55","date_gmt":"2023-11-04T16:01:55","guid":{"rendered":"https:\/\/www.gta.be\/nl\/?page_id=1371"},"modified":"2023-11-05T16:13:16","modified_gmt":"2023-11-05T16:13:16","slug":"1371-2","status":"publish","type":"page","link":"https:\/\/www.gta.be\/nl\/1371-2\/","title":{"rendered":"Algemene verkoopvoorwaarden"},"content":{"rendered":"\n<style type=\"text\/css\" data-created_by=\"avia_inline_auto\" id=\"style-css-av-lok8z6g5-9cb769f9666ae9cb977b1c53f2da78bb\">\n.avia-section.av-lok8z6g5-9cb769f9666ae9cb977b1c53f2da78bb{\nbackground-repeat:no-repeat;\nbackground-image:url(https:\/\/www.gta.be\/nl\/wp-content\/uploads\/2023\/05\/ardenne-nordic-park-la-la-maison-de-la-randonnee-6-1030x682-2.jpg);\nbackground-position:50% 50%;\nbackground-attachment:fixed;\n}\n<\/style>\n<div id='av_section_1'  class='avia-section av-lok8z6g5-9cb769f9666ae9cb977b1c53f2da78bb main_color avia-section-default avia-no-shadow  avia-builder-el-0  el_before_av_section  avia-builder-el-first  avia-full-stretch avia-bg-style-fixed av-minimum-height av-minimum-height-custom  container_wrap fullsize'  data-section-bg-repeat='stretch' data-av_minimum_height_px='250'><div class='container av-section-cont-open' style='height:250px'><main  role=\"main\" itemprop=\"mainContentOfPage\"  class='template-page content  av-content-full alpha units'><div class='post-entry post-entry-type-page post-entry-1371'><div class='entry-content-wrapper clearfix'>\n<\/div><\/div><\/main><!-- close content main element --><\/div><\/div>\n<style type=\"text\/css\" data-created_by=\"avia_inline_auto\" id=\"style-css-av-7e3pvv-c6c6551c6c2e60b05da6f635bf07f518\">\n.avia-section.av-7e3pvv-c6c6551c6c2e60b05da6f635bf07f518{\nbackground-color:#ffffff;\nbackground-image:unset;\n}\n<\/style>\n<div id='av_section_2'  class='avia-section av-7e3pvv-c6c6551c6c2e60b05da6f635bf07f518 alternate_color avia-section-huge avia-no-border-styling  avia-builder-el-1  el_after_av_section  avia-builder-el-last  avia-bg-style-scroll container_wrap fullsize'  ><div class='container av-section-cont-open' ><div class='template-page content  av-content-full alpha units'><div class='post-entry post-entry-type-page post-entry-1371'><div class='entry-content-wrapper clearfix'>\n\n<style type=\"text\/css\" data-created_by=\"avia_inline_auto\" id=\"style-css-av-5mpp3v-c5f86861021cc9334104bcf34049eafb\">\n#top .flex_column.av-5mpp3v-c5f86861021cc9334104bcf34049eafb{\nmargin-top:-200px;\nmargin-bottom:0px;\n}\n.flex_column.av-5mpp3v-c5f86861021cc9334104bcf34049eafb{\n-webkit-border-radius:0px 0px 0px 0px;\n-moz-border-radius:0px 0px 0px 0px;\nborder-radius:0px 0px 0px 0px;\npadding:30px 30px 30px 30px;\nbackground-color:#ffffff;\n}\n.responsive #top #wrap_all .flex_column.av-5mpp3v-c5f86861021cc9334104bcf34049eafb{\nmargin-top:-200px;\nmargin-bottom:0px;\n}\n<\/style>\n<div class='flex_column av-5mpp3v-c5f86861021cc9334104bcf34049eafb av_one_full  avia-builder-el-2  el_before_av_one_full  avia-builder-el-first  first flex_column_div '     ><style type=\"text\/css\" data-created_by=\"avia_inline_auto\" id=\"style-css-av-lok8f6cl-9320b21cff00875eaebe2c135ddf96f2\">\n#top .av-special-heading.av-lok8f6cl-9320b21cff00875eaebe2c135ddf96f2{\npadding-bottom:20px;\nfont-size:40px;\n}\nbody .av-special-heading.av-lok8f6cl-9320b21cff00875eaebe2c135ddf96f2 .av-special-heading-tag .heading-char{\nfont-size:25px;\n}\n#top #wrap_all .av-special-heading.av-lok8f6cl-9320b21cff00875eaebe2c135ddf96f2 .av-special-heading-tag{\nfont-size:40px;\n}\n.av-special-heading.av-lok8f6cl-9320b21cff00875eaebe2c135ddf96f2 .av-subheading{\nfont-size:15px;\n}\n\n@media only screen and (min-width: 480px) and (max-width: 767px){ \n#top #wrap_all .av-special-heading.av-lok8f6cl-9320b21cff00875eaebe2c135ddf96f2 .av-special-heading-tag{\nfont-size:0.8em;\n}\n}\n\n@media only screen and (max-width: 479px){ \n#top #wrap_all .av-special-heading.av-lok8f6cl-9320b21cff00875eaebe2c135ddf96f2 .av-special-heading-tag{\nfont-size:0.8em;\n}\n}\n<\/style>\n<div  class='av-special-heading av-lok8f6cl-9320b21cff00875eaebe2c135ddf96f2 av-special-heading-h1 blockquote modern-quote modern-centered  avia-builder-el-3  avia-builder-el-no-sibling  av-inherit-size'><h1 class='av-special-heading-tag'  itemprop=\"headline\"  >Algemene verkoopvoorwaarden<\/h1><div class=\"special-heading-border\"><div class=\"special-heading-inner-border\"><\/div><\/div><\/div><\/div>\n<style type=\"text\/css\" data-created_by=\"avia_inline_auto\" id=\"style-css-av-43tquj-6cebf2f94f3cd9a676a51b265496b107\">\n.flex_column.av-43tquj-6cebf2f94f3cd9a676a51b265496b107{\n-webkit-border-radius:0px 0px 0px 0px;\n-moz-border-radius:0px 0px 0px 0px;\nborder-radius:0px 0px 0px 0px;\npadding:0px 0px 0px 0px;\n}\n<\/style>\n<div class='flex_column av-43tquj-6cebf2f94f3cd9a676a51b265496b107 av_one_full  avia-builder-el-4  el_after_av_one_full  avia-builder-el-last  first flex_column_div av-zero-column-padding column-top-margin'     ><p><section  class='av_textblock_section av-lok8eysy-07004810818b227dcb50b701d1d881b0'  itemscope=\"itemscope\" itemtype=\"https:\/\/schema.org\/CreativeWork\" ><div class='avia_textblock'  itemprop=\"text\" ><p>De onderstaande Algemene Verkoopvoorwaarden zijn van toepassing op alle transacties tussen de verkoper vermeld onder \u201cidentiteit van de verkoper\u201d en de koper die deze site gebruikt om een aankoop te verrichten.<\/p>\n<p>Identiteit van de verkoper<br \/>\nLa Maison de la Randonn\u00e9e \u2013 GTA Belgique asbl<br \/>\n435.110.425<br \/>\nZetel: Route des Courts Champs 4, 6680 Sainte-Ode, Belgi\u00eb<br \/>\nMail: contact@gta.be<br \/>\nTel. +32 475 61 15 06<\/p>\n<p>Voorwerp<br \/>\nDeze algemene voorwaarden zijn van toepassing op alle online aankopen gedaan bij het Maison de la Randonn\u00e9e \u2013 GTA Belgique asbl via deze site.<br \/>\nOp deze site biedt het Maison de la Randonn\u00e9e \u2013 GTA Belgique verschillende artikelen met betrekking tot wandelen en trektochten te koop aan: kaarten, roadbooks, gidsen, afgeleide artikelen.<\/p>\n<p>De inhoud werd in goed vertrouwen ontwikkeld op basis van de beschikbare gegevens. De beelden worden ter informatie gepresenteerd. Ze zijn zo representatief mogelijk. Een perfecte gelijkenis kan echter niet worden gegarandeerd voor wat betreft het betreffende beeldmateriaal.<\/p>\n<p>Deze afbeeldingen kunnen worden gewijzigd vooraleer de bestelling wordt afgerond. De klant geeft het Maison de la Randonn\u00e9e \u2013 GTA Belgique vzw de toestemming om eventuele materi\u00eble fouten in de aan hem meegedeelde informatie te verbeteren.<\/p>\n<p><strong>Toepassing van de algemene verkoopvoorwaarden<\/strong><\/p>\n<p>De algemene verkoopvoorwaarden worden gesloten tussen de volgende twee partijen: enerzijds het Maison de la Randonn\u00e9e \u2013 GTA Belgique vzw, hierna \u201cde verkoper\u201d genoemd, en anderzijds elke natuurlijke of rechtspersoon die goederen wenst te kopen op de site www.gta.be hierna \u201cde klant\u201d genoemd.<br \/>\nDeze voorwaarden defini\u00ebren het verkoopproces tussen de verkoper en de klant, evenals de verschillende voorwaarden (bestelling, betaling, levering) met betrekking tot de bestelde producten.<br \/>\nZe gelden gedurende de gehele periode dat de site online is.<\/p>\n<p>Het Maison de la Randonn\u00e9e \u2013 GTA Belgique behoudt zich het recht voor om haar algemene verkoopvoorwaarden op elk moment te wijzigen. Bestellingen geplaatst v\u00f3\u00f3r de wijziging worden niet be\u00efnvloed door deze wijziging.<\/p>\n<p>Prijzen<br \/>\nDe prijs die wordt weergegeven op het moment van validatie van de bestelling, vormt de totale te betalen prijs, inclusief taksen en verzendkosten.<br \/>\nDe klant geeft het Maison de la Randonn\u00e9e \u2013 GTA Belgique vzw de toestemming om eventuele duidelijke fouten in de kostprijs te corrigeren.<br \/>\nVerzendkosten zijn van toepassing op het totaalbedrag van de bestelling; deze kosten omvatten zowel posttarieven als beheerkosten. Er kunnen extra kosten in rekening worden gebracht.<\/p>\n<p>Orderbevestiging<br \/>\nDe bevestiging van de bestelling valideert de aankoop van een of meer product(en). Dit impliceert dus de volledige aanvaarding van deze algemene verkoopvoorwaarden, het feit dat u ze perfect heeft gelezen en afstand doet van het recht om andere voorwaarden te laten prevaleren.<\/p>\n<p>Verzending en bezorging<br \/>\nProducten die online op deze site worden besteld, zijn leverbaar in Europa.<br \/>\nDe levering gebeurt via de Belgische post (BPOST), op basis van een non prior-zending.<br \/>\nVoor elk ander land kunt u contact met ons opnemen door een e-mail te sturen naar contact@gta.be.<br \/>\nVermeld bij uw vraag het land van levering en de inhoud van de bestelling, zodat wij u kunnen informeren over de verzendingskosten die verband houden met uw verzoek.<br \/>\nBestellingen worden door vrijwilligers verwerkt. Zij zorgen ervoor dat dit binnen de kortst mogelijke tijd gebeurt.<\/p>\n<p>Recht tot intrekking<br \/>\nBij een online aankoop via deze site profiteert u van de wettelijke bedenktijd van 14 kalenderdagen. Deze termijn gaat in op de dag na levering van de betreffende goederen. De verzendkosten zijn ter uw laden.<br \/>\nRaadpleeg de website van de FOD Economie voor meer informatie: https:\/\/economie.fgov.be\/nl\/themas\/verkoop\/reglementering\/herroepingstermijnen\/herroepingsrecht-bij-aankoop<\/p>\n<p>Onlinegeschillenbeslechting<br \/>\nhttps:\/\/ec.europa.eu\/consumers\/odr\/main\/index.cfm?event=main.home2.show&#038;lng=NL<\/p>\n<p><strong>Respect voor privacy<\/strong><br \/>\nWij verzamelen uw gegevens in overeenstemming met de Algemene Verordening Gegevensbescherming.<br \/>\nPersoonlijke gegevens.<br \/>\nDe gevraagde gegevens zijn voor ons noodzakelijk om uw bestelling te kunnen verwerken, om deze te kunnen beheren en u van de gewenste artikelen te kunnen voorzien.<\/p>\n<p>Tenzij u het Maison de la Randonn\u00e9e \u2013 GTA Belgique vooraf anders heeft ge\u00efnformeerd kunnen uw gegevens ook door ons worden gebruikt om u onze promotionele of commerci\u00eble aanbiedingen toe te sturen, per e-mail of per post.<\/p>\n<p>Als persoon wiens gegevens worden verzameld, heeft u recht op toegang, rectificatie en verwijdering van uw gegevens, u heeft eveneens het recht om bezwaar te maken tegen de verzameling van uw gegevens. Deze rechten kunt u uitoefenen door ons een e-mail te sturen naar contact@gta.be, met vermelding van uw naam, voornaam en adres, evenals het onderwerp van uw correspondentie.<br \/>\nUw klachten met betrekking tot de verzameling en verwerking van uw persoonsgegevens kunnen worden gericht aan de bevoegde toezichthoudende autoriteit.<\/p>\n<\/div><\/section><br \/>\n\n<style type=\"text\/css\" data-created_by=\"avia_inline_auto\" id=\"style-css-av-2tgajf-16daa3f525118d601053f803ff701a19\">\n.avia-image-container.av-2tgajf-16daa3f525118d601053f803ff701a19 img.avia_image{\nbox-shadow:none;\n}\n.avia-image-container.av-2tgajf-16daa3f525118d601053f803ff701a19 .av-image-caption-overlay-center{\ncolor:#ffffff;\n}\n<\/style>\n<div  class='avia-image-container av-2tgajf-16daa3f525118d601053f803ff701a19 av-styling- avia-align-center  avia-builder-el-6  el_after_av_textblock  avia-builder-el-last '   itemprop=\"image\" itemscope=\"itemscope\" itemtype=\"https:\/\/schema.org\/ImageObject\" ><div class=\"avia-image-container-inner\"><div class=\"avia-image-overlay-wrap\"><img decoding=\"async\" class='wp-image- avia-img-lazy-loading-not- avia_image ' src=\"https:\/\/wp.gta.be\/fr\/wp-content\/uploads\/2023\/02\/GTA-Belgique-randonnee-balade-295x300.jpg\" alt='' title=''   itemprop=\"thumbnailUrl\"  \/><\/div><\/div><\/div><\/p><\/div>\n","protected":false},"excerpt":{"rendered":"","protected":false},"author":1,"featured_media":0,"parent":0,"menu_order":0,"comment_status":"closed","ping_status":"closed","template":"","meta":{"_seopress_robots_primary_cat":"","_seopress_titles_title":"","_seopress_titles_desc":"","_seopress_robots_index":"","_seopress_analysis_target_kw":"","footnotes":""},"class_list":["post-1371","page","type-page","status-publish","hentry"],"_links":{"self":[{"href":"https:\/\/www.gta.be\/nl\/wp-json\/wp\/v2\/pages\/1371","targetHints":{"allow":["GET"]}}],"collection":[{"href":"https:\/\/www.gta.be\/nl\/wp-json\/wp\/v2\/pages"}],"about":[{"href":"https:\/\/www.gta.be\/nl\/wp-json\/wp\/v2\/types\/page"}],"author":[{"embeddable":true,"href":"https:\/\/www.gta.be\/nl\/wp-json\/wp\/v2\/users\/1"}],"replies":[{"embeddable":true,"href":"https:\/\/www.gta.be\/nl\/wp-json\/wp\/v2\/comments?post=1371"}],"version-history":[{"count":5,"href":"https:\/\/www.gta.be\/nl\/wp-json\/wp\/v2\/pages\/1371\/revisions"}],"predecessor-version":[{"id":1423,"href":"https:\/\/www.gta.be\/nl\/wp-json\/wp\/v2\/pages\/1371\/revisions\/1423"}],"wp:attachment":[{"href":"https:\/\/www.gta.be\/nl\/wp-json\/wp\/v2\/media?parent=1371"}],"curies":[{"name":"wp","href":"https:\/\/api.w.org\/{rel}","templated":true}]}}